{"id":9375,"date":"2022-04-21T10:15:03","date_gmt":"2022-04-21T10:15:03","guid":{"rendered":"https:\/\/www.fondationmagos.com\/en\/?page_id=9375"},"modified":"2022-07-14T11:28:47","modified_gmt":"2022-07-14T11:28:47","slug":"le-logo","status":"publish","type":"page","link":"https:\/\/www.fondationmagos.com\/en\/le-logo\/","title":{"rendered":"LE LOGO"},"content":{"rendered":"\t\t<div data-elementor-type=\"wp-page\" data-elementor-id=\"9375\" class=\"elementor elementor-9375\">\n\t\t\t\t\t\t<section class=\"elementor-section elementor-top-section elementor-element elementor-element-8b14cf5 elementor-section-boxed elementor-section-height-default elementor-section-height-default\" data-id=\"8b14cf5\" data-element_type=\"section\" data-e-type=\"section\">\n\t\t\t\t\t\t<div class=\"elementor-container elementor-column-gap-default\">\n\t\t\t\t\t<div class=\"elementor-column elementor-col-100 elementor-top-column elementor-element elementor-element-bae1a09\" data-id=\"bae1a09\" data-element_type=\"column\" data-e-type=\"column\">\n\t\t\t<div class=\"elementor-widget-wrap elementor-element-populated\">\n\t\t\t\t\t\t<div class=\"elementor-element elementor-element-9a92bd0 elementor-widget__width-initial elementor-absolute elementor-invisible elementor-widget elementor-widget-html\" data-id=\"9a92bd0\" data-element_type=\"widget\" data-e-type=\"widget\" data-settings=\"{&quot;_position&quot;:&quot;absolute&quot;,&quot;_animation_mobile&quot;:&quot;slideInRight&quot;,&quot;_animation&quot;:&quot;slideInRight&quot;}\" data-widget_type=\"html.default\">\n\t\t\t\t\t<a href=\"javascript:window.close();\">Back<<\/a>\r\n\t\t\t\t<\/div>\n\t\t\t\t\t<\/div>\n\t\t<\/div>\n\t\t\t\t\t<\/div>\n\t\t<\/section>\n\t\t\t\t<section class=\"elementor-section elementor-top-section elementor-element elementor-element-2a76a74d elementor-section-boxed elementor-section-height-default elementor-section-height-default elementor-invisible\" data-id=\"2a76a74d\" data-element_type=\"section\" data-e-type=\"section\" data-settings=\"{&quot;background_background&quot;:&quot;classic&quot;,&quot;animation&quot;:&quot;zoomIn&quot;}\">\n\t\t\t\t\t\t\t<div class=\"elementor-background-overlay\"><\/div>\n\t\t\t\t\t\t\t<div class=\"elementor-container elementor-column-gap-custom\">\n\t\t\t\t\t<div class=\"elementor-column elementor-col-50 elementor-top-column elementor-element elementor-element-5bfc7563\" data-id=\"5bfc7563\" data-element_type=\"column\" data-e-type=\"column\">\n\t\t\t<div class=\"elementor-widget-wrap elementor-element-populated\">\n\t\t\t\t\t\t<div class=\"elementor-element elementor-element-57b7eaa4 elementor-invisible elementor-widget elementor-widget-image\" data-id=\"57b7eaa4\" data-element_type=\"widget\" data-e-type=\"widget\" data-settings=\"{&quot;_animation&quot;:&quot;zoomIn&quot;}\" data-widget_type=\"image.default\">\n\t\t\t\t\t\t\t\t\t\t\t\t\t\t\t<img fetchpriority=\"high\" decoding=\"async\" width=\"972\" height=\"785\" src=\"https:\/\/www.fondationmagos.com\/en\/wp-content\/uploads\/2022\/04\/PR.png\" class=\"elementor-animation-grow attachment-full size-full wp-image-9371\" alt=\"\" srcset=\"https:\/\/www.fondationmagos.com\/en\/wp-content\/uploads\/2022\/04\/PR.png 972w, https:\/\/www.fondationmagos.com\/en\/wp-content\/uploads\/2022\/04\/PR-300x242.png 300w, https:\/\/www.fondationmagos.com\/en\/wp-content\/uploads\/2022\/04\/PR-768x620.png 768w\" sizes=\"(max-width: 972px) 100vw, 972px\" \/>\t\t\t\t\t\t\t\t\t\t\t\t\t\t\t<\/div>\n\t\t\t\t\t<\/div>\n\t\t<\/div>\n\t\t\t\t<div class=\"elementor-column elementor-col-50 elementor-top-column elementor-element elementor-element-45405349 elementor-invisible\" data-id=\"45405349\" data-element_type=\"column\" data-e-type=\"column\" data-settings=\"{&quot;animation&quot;:&quot;zoomIn&quot;}\">\n\t\t\t<div class=\"elementor-widget-wrap elementor-element-populated\">\n\t\t\t\t\t\t<div class=\"elementor-element elementor-element-34bddc90 elementor-invisible elementor-widget elementor-widget-heading\" data-id=\"34bddc90\" data-element_type=\"widget\" data-e-type=\"widget\" data-settings=\"{&quot;_animation&quot;:&quot;zoomIn&quot;}\" data-widget_type=\"heading.default\">\n\t\t\t\t\t<h2 class=\"elementor-heading-title elementor-size-default\">ABOUT THE LOGO<\/h2>\t\t\t\t<\/div>\n\t\t\t\t<div class=\"elementor-element elementor-element-5b1672bd elementor-widget elementor-widget-text-editor\" data-id=\"5b1672bd\" data-element_type=\"widget\" data-e-type=\"widget\" data-widget_type=\"text-editor.default\">\n\t\t\t\t\t\t\t\t\tThe logo combines two elements: a star and a human figure, inspired by the earliest known representation of a magi. It is located in Andalusia, in the Barranco de la Tinaja, in Ot\u00ed\u00f1ar, near Ja\u00e9n. The archaeologist Georgeos Diaz-Montexano discovered it in a prehistoric open-air site. This trace is proof of the existence of the Magi in this region for thousands of years.\t\t\t\t\t\t\t\t<\/div>\n\t\t\t\t<div class=\"elementor-element elementor-element-06cd437 elementor-widget elementor-widget-text-editor\" data-id=\"06cd437\" data-element_type=\"widget\" data-e-type=\"widget\" data-widget_type=\"text-editor.default\">\n\t\t\t\t\t\t\t\t\tAn original creation\t\t\t\t\t\t\t\t<\/div>\n\t\t\t\t<div class=\"elementor-element elementor-element-91127e7 elementor-widget elementor-widget-image\" data-id=\"91127e7\" data-element_type=\"widget\" data-e-type=\"widget\" data-widget_type=\"image.default\">\n\t\t\t\t\t\t\t\t\t\t\t\t\t\t\t\t<a href=\"https:\/\/agullo-identity.com\/\" target=\"_blank\">\n\t\t\t\t\t\t\t<img decoding=\"async\" width=\"805\" height=\"128\" src=\"https:\/\/www.fondationmagos.com\/en\/wp-content\/uploads\/2022\/06\/AGULLO_IDENTITY_RVB.png\" class=\"attachment-large size-large wp-image-15399\" alt=\"\" srcset=\"https:\/\/www.fondationmagos.com\/en\/wp-content\/uploads\/2022\/06\/AGULLO_IDENTITY_RVB.png 805w, https:\/\/www.fondationmagos.com\/en\/wp-content\/uploads\/2022\/06\/AGULLO_IDENTITY_RVB-300x48.png 300w, https:\/\/www.fondationmagos.com\/en\/wp-content\/uploads\/2022\/06\/AGULLO_IDENTITY_RVB-768x122.png 768w, https:\/\/www.fondationmagos.com\/en\/wp-content\/uploads\/2022\/06\/AGULLO_IDENTITY_RVB-800x128.png 800w\" sizes=\"(max-width: 805px) 100vw, 805px\" \/>\t\t\t\t\t\t\t\t<\/a>\n\t\t\t\t\t\t\t\t\t\t\t\t\t\t\t<\/div>\n\t\t\t\t\t<\/div>\n\t\t<\/div>\n\t\t\t\t\t<\/div>\n\t\t<\/section>\n\t\t\t\t<section class=\"elementor-section elementor-top-section elementor-element elementor-element-00dcbc1 elementor-section-boxed elementor-section-height-default elementor-section-height-default elementor-invisible\" data-id=\"00dcbc1\" data-element_type=\"section\" data-e-type=\"section\" data-settings=\"{&quot;background_background&quot;:&quot;classic&quot;,&quot;animation&quot;:&quot;fadeInUp&quot;}\">\n\t\t\t\t\t\t\t<div class=\"elementor-background-overlay\"><\/div>\n\t\t\t\t\t\t\t<div class=\"elementor-container elementor-column-gap-custom\">\n\t\t\t\t\t<div class=\"elementor-column elementor-col-100 elementor-top-column elementor-element elementor-element-4cd11a9\" data-id=\"4cd11a9\" data-element_type=\"column\" data-e-type=\"column\">\n\t\t\t<div class=\"elementor-widget-wrap elementor-element-populated\">\n\t\t\t\t\t\t<section class=\"elementor-section elementor-inner-section elementor-element elementor-element-7d340d0 elementor-section-boxed elementor-section-height-default elementor-section-height-default\" data-id=\"7d340d0\" data-element_type=\"section\" data-e-type=\"section\">\n\t\t\t\t\t\t<div class=\"elementor-container elementor-column-gap-default\">\n\t\t\t\t\t<div class=\"elementor-column elementor-col-50 elementor-inner-column elementor-element elementor-element-d9a04bc\" data-id=\"d9a04bc\" data-element_type=\"column\" data-e-type=\"column\">\n\t\t\t<div class=\"elementor-widget-wrap elementor-element-populated\">\n\t\t\t\t\t\t<div class=\"elementor-element elementor-element-becfe3f elementor-widget elementor-widget-text-editor\" data-id=\"becfe3f\" data-element_type=\"widget\" data-e-type=\"widget\" data-widget_type=\"text-editor.default\">\n\t\t\t\t\t\t\t\t\tThe writings of the historians of Al Andalus confirm this presence of the Magi since prehistoric times. &#8220;The Magi, worshippers of fire, dominated the south of Spain well before the Phoenicians&#8221; according to Ahmad al Razi, a historian from Cordoba in the 10th century. For the historian Ibn Idari (11th century), a Moroccan of Andalusian origin, &#8220;It is claimed that the people who settled in southern Iberia after the flood were the Andalusians. It is also said that they were magi (mag\u00fbs)&#8221;.<br>\n<br>\nOn the stone, three letters are engraved in Punic or Carthaginian script to the left of a figure. They represent the word mg\u0161 o mgsh (magosh) which means &#8216;magus&#8217;\/ Magi. \t\t\t\t\t\t\t\t<\/div>\n\t\t\t\t\t<\/div>\n\t\t<\/div>\n\t\t\t\t<div class=\"elementor-column elementor-col-50 elementor-inner-column elementor-element elementor-element-28f1c91\" data-id=\"28f1c91\" data-element_type=\"column\" data-e-type=\"column\">\n\t\t\t<div class=\"elementor-widget-wrap elementor-element-populated\">\n\t\t\t\t\t\t<div class=\"elementor-element elementor-element-1827543 elementor-widget elementor-widget-text-editor\" data-id=\"1827543\" data-element_type=\"widget\" data-e-type=\"widget\" data-widget_type=\"text-editor.default\">\n\t\t\t\t\t\t\t\t\tThis inscription reminds us how much the rapprochement between East and West is rooted in the history of the peoples of Europe. It is part of the construction of European cultures and mentalities, notably thanks to the influence of the Phoenicians and Carthaginians since the 10th century BC. <br>\n<br>\nThe figure of a magi engraved on this prehistoric wall can be interpreted in various ways. Some discern an owl, a symbol of Greek wisdom. Others see the human form of a wise man facing the celestial vault. <br>\n\nThe logo of the Magos Foundation is inspired by these interpretations. It can also represent the keyhole of a door that opens onto new horizons. <br>\n\t\t\t\t\t\t\t\t<\/div>\n\t\t\t\t\t<\/div>\n\t\t<\/div>\n\t\t\t\t\t<\/div>\n\t\t<\/section>\n\t\t\t\t\t<\/div>\n\t\t<\/div>\n\t\t\t\t\t<\/div>\n\t\t<\/section>\n\t\t\t\t<section class=\"elementor-section elementor-top-section elementor-element elementor-element-d09be4a elementor-section-boxed elementor-section-height-default elementor-section-height-default elementor-invisible\" data-id=\"d09be4a\" data-element_type=\"section\" data-e-type=\"section\" data-settings=\"{&quot;background_background&quot;:&quot;classic&quot;,&quot;animation&quot;:&quot;fadeInUp&quot;}\">\n\t\t\t\t\t\t\t<div class=\"elementor-background-overlay\"><\/div>\n\t\t\t\t\t\t\t<div class=\"elementor-container elementor-column-gap-custom\">\n\t\t\t\t\t<div class=\"elementor-column elementor-col-50 elementor-top-column elementor-element elementor-element-cef6f0c\" data-id=\"cef6f0c\" data-element_type=\"column\" data-e-type=\"column\">\n\t\t\t<div class=\"elementor-widget-wrap elementor-element-populated\">\n\t\t\t\t\t\t<div class=\"elementor-element elementor-element-ce2fdba elementor-invisible elementor-widget elementor-widget-image\" data-id=\"ce2fdba\" data-element_type=\"widget\" data-e-type=\"widget\" data-settings=\"{&quot;_animation&quot;:&quot;zoomIn&quot;}\" data-widget_type=\"image.default\">\n\t\t\t\t\t\t\t\t\t\t\t\t\t\t\t<img decoding=\"async\" width=\"404\" height=\"412\" src=\"https:\/\/www.fondationmagos.com\/en\/wp-content\/uploads\/2022\/04\/etoile-gigapixel-art-scale-4_00x.jpg\" class=\"elementor-animation-grow attachment-full size-full wp-image-9384\" alt=\"\" srcset=\"https:\/\/www.fondationmagos.com\/en\/wp-content\/uploads\/2022\/04\/etoile-gigapixel-art-scale-4_00x.jpg 404w, https:\/\/www.fondationmagos.com\/en\/wp-content\/uploads\/2022\/04\/etoile-gigapixel-art-scale-4_00x-294x300.jpg 294w\" sizes=\"(max-width: 404px) 100vw, 404px\" \/>\t\t\t\t\t\t\t\t\t\t\t\t\t\t\t<\/div>\n\t\t\t\t\t<\/div>\n\t\t<\/div>\n\t\t\t\t<div class=\"elementor-column elementor-col-50 elementor-top-column elementor-element elementor-element-8f511b1 elementor-invisible\" data-id=\"8f511b1\" data-element_type=\"column\" data-e-type=\"column\" data-settings=\"{&quot;animation&quot;:&quot;zoomIn&quot;}\">\n\t\t\t<div class=\"elementor-widget-wrap elementor-element-populated\">\n\t\t\t\t\t\t<div class=\"elementor-element elementor-element-f5d6bb6 elementor-invisible elementor-widget elementor-widget-heading\" data-id=\"f5d6bb6\" data-element_type=\"widget\" data-e-type=\"widget\" data-settings=\"{&quot;_animation&quot;:&quot;zoomIn&quot;}\" data-widget_type=\"heading.default\">\n\t\t\t\t\t<h2 class=\"elementor-heading-title elementor-size-default\">ABOUT <br>THE EIGHT-POINTED STAR<\/h2>\t\t\t\t<\/div>\n\t\t\t\t<div class=\"elementor-element elementor-element-e16a633 elementor-widget elementor-widget-text-editor\" data-id=\"e16a633\" data-element_type=\"widget\" data-e-type=\"widget\" data-widget_type=\"text-editor.default\">\n\t\t\t\t\t\t\t\t\tIt can be interpreted as the star of the Magi. It evokes the very first written description of this unusual star. The Syrian Ignatius of Antioch wrote it in the first century AD: &#8220;A star was seen to shine in the sky which made all the others pale: its brilliance was inexpressible, its novelty caused astonishment; all the other stars, together with the sun and the moon, followed it&#8221;.\t\t\t\t\t\t\t\t<\/div>\n\t\t\t\t\t<\/div>\n\t\t<\/div>\n\t\t\t\t\t<\/div>\n\t\t<\/section>\n\t\t\t\t<section class=\"elementor-section elementor-top-section elementor-element elementor-element-6805cd5 elementor-section-boxed elementor-section-height-default elementor-section-height-default elementor-invisible\" data-id=\"6805cd5\" data-element_type=\"section\" data-e-type=\"section\" data-settings=\"{&quot;background_background&quot;:&quot;classic&quot;,&quot;animation&quot;:&quot;fadeInUp&quot;}\">\n\t\t\t\t\t\t\t<div class=\"elementor-background-overlay\"><\/div>\n\t\t\t\t\t\t\t<div class=\"elementor-container elementor-column-gap-custom\">\n\t\t\t\t\t<div class=\"elementor-column elementor-col-100 elementor-top-column elementor-element elementor-element-8582589\" data-id=\"8582589\" data-element_type=\"column\" data-e-type=\"column\">\n\t\t\t<div class=\"elementor-widget-wrap elementor-element-populated\">\n\t\t\t\t\t\t<section class=\"elementor-section elementor-inner-section elementor-element elementor-element-dcefbc6 elementor-section-boxed elementor-section-height-default elementor-section-height-default\" data-id=\"dcefbc6\" data-element_type=\"section\" data-e-type=\"section\">\n\t\t\t\t\t\t<div class=\"elementor-container elementor-column-gap-default\">\n\t\t\t\t\t<div class=\"elementor-column elementor-col-50 elementor-inner-column elementor-element elementor-element-db65d10\" data-id=\"db65d10\" data-element_type=\"column\" data-e-type=\"column\">\n\t\t\t<div class=\"elementor-widget-wrap elementor-element-populated\">\n\t\t\t\t\t\t<div class=\"elementor-element elementor-element-e67df7c elementor-widget elementor-widget-text-editor\" data-id=\"e67df7c\" data-element_type=\"widget\" data-e-type=\"widget\" data-widget_type=\"text-editor.default\">\n\t\t\t\t\t\t\t\t\tIn Christianity, the eight-pointed star becomes a double symbol: that of the Nativity and of redemption. It can be found in the architecture of many octagonal churches. The eight-pointed star is known as the Star of Andalusia. It is often found in the architectural decorations of Al Andalus and reminds us that East and West are able to live together peacefully. This sign can be found in Hinduism, which the magician Gaspard of India is said to have practised. In these countries, it represents the eight forms of the goddess Lakshmi. \t\t\t\t\t\t\t\t<\/div>\n\t\t\t\t\t<\/div>\n\t\t<\/div>\n\t\t\t\t<div class=\"elementor-column elementor-col-50 elementor-inner-column elementor-element elementor-element-27701a3\" data-id=\"27701a3\" data-element_type=\"column\" data-e-type=\"column\">\n\t\t\t<div class=\"elementor-widget-wrap elementor-element-populated\">\n\t\t\t\t\t\t<div class=\"elementor-element elementor-element-52dd2b2 elementor-widget elementor-widget-text-editor\" data-id=\"52dd2b2\" data-element_type=\"widget\" data-e-type=\"widget\" data-widget_type=\"text-editor.default\">\n\t\t\t\t\t\t\t\t\tThe eight-pointed star is drawn on some flags of countries strongly associated with magi, such as Iraq, where the prophet Daniel (nicknamed the magi Balthazar of Babylon), a Jew deported to Babylon, lived, or in Azerbaijan, where the magi Melchior is supposed to have come from. It is also a symbol of the Arabic alphabet and marks the end of a chapter in the Koran. On the African continent, where the magician Balthazar is said to have come from, the eight-pointed star is found in ancient Egypt. \n\n\t\t\t\t\t\t\t\t<\/div>\n\t\t\t\t\t<\/div>\n\t\t<\/div>\n\t\t\t\t\t<\/div>\n\t\t<\/section>\n\t\t\t\t\t<\/div>\n\t\t<\/div>\n\t\t\t\t\t<\/div>\n\t\t<\/section>\n\t\t\t\t<\/div>\n\t\t","protected":false},"excerpt":{"rendered":"<p>Back<\/p>\n","protected":false},"author":1,"featured_media":0,"parent":0,"menu_order":0,"comment_status":"closed","ping_status":"closed","template":"elementor_header_footer","meta":{"footnotes":""},"class_list":["post-9375","page","type-page","status-publish"],"_links":{"self":[{"href":"https:\/\/www.fondationmagos.com\/en\/wp-json\/wp\/v2\/pages\/9375","targetHints":{"allow":["GET"]}}],"collection":[{"href":"https:\/\/www.fondationmagos.com\/en\/wp-json\/wp\/v2\/pages"}],"about":[{"href":"https:\/\/www.fondationmagos.com\/en\/wp-json\/wp\/v2\/types\/page"}],"author":[{"embeddable":true,"href":"https:\/\/www.fondationmagos.com\/en\/wp-json\/wp\/v2\/users\/1"}],"replies":[{"embeddable":true,"href":"https:\/\/www.fondationmagos.com\/en\/wp-json\/wp\/v2\/comments?post=9375"}],"version-history":[{"count":66,"href":"https:\/\/www.fondationmagos.com\/en\/wp-json\/wp\/v2\/pages\/9375\/revisions"}],"predecessor-version":[{"id":16728,"href":"https:\/\/www.fondationmagos.com\/en\/wp-json\/wp\/v2\/pages\/9375\/revisions\/16728"}],"wp:attachment":[{"href":"https:\/\/www.fondationmagos.com\/en\/wp-json\/wp\/v2\/media?parent=9375"}],"curies":[{"name":"wp","href":"https:\/\/api.w.org\/{rel}","templated":true}]}}