{"id":12859,"date":"2022-05-19T10:17:23","date_gmt":"2022-05-19T10:17:23","guid":{"rendered":"https:\/\/www.fondationmagos.com\/en\/?page_id=12859"},"modified":"2022-07-15T17:48:54","modified_gmt":"2022-07-15T17:48:54","slug":"serie-de-photos-anciennes-et-contemporaines-du-monastere-de-surb-karapet-tombeau-suppose-dun-mage","status":"publish","type":"page","link":"https:\/\/www.fondationmagos.com\/en\/serie-de-photos-anciennes-et-contemporaines-du-monastere-de-surb-karapet-tombeau-suppose-dun-mage\/","title":{"rendered":"S\u00c9RIE DE PHOTOS ANCIENNES ET CONTEMPORAINES DU MONAST\u00c8RE DE SURB KARAPET, TOMBEAU SUPPOS\u00c9 D\u2019UN MAGE"},"content":{"rendered":"\t\t<div data-elementor-type=\"wp-page\" data-elementor-id=\"12859\" class=\"elementor elementor-12859\">\n\t\t\t\t\t\t<section class=\"elementor-section elementor-top-section elementor-element elementor-element-539f3cfd elementor-section-boxed elementor-section-height-default elementor-section-height-default\" data-id=\"539f3cfd\" data-element_type=\"section\" data-e-type=\"section\">\n\t\t\t\t\t\t<div class=\"elementor-container elementor-column-gap-default\">\n\t\t\t\t\t<div class=\"elementor-column elementor-col-100 elementor-top-column elementor-element elementor-element-1c174ece\" data-id=\"1c174ece\" data-element_type=\"column\" data-e-type=\"column\">\n\t\t\t<div class=\"elementor-widget-wrap elementor-element-populated\">\n\t\t\t\t\t\t<div class=\"elementor-element elementor-element-5c7528e8 elementor-widget__width-initial elementor-absolute elementor-invisible elementor-widget elementor-widget-html\" data-id=\"5c7528e8\" data-element_type=\"widget\" data-e-type=\"widget\" data-settings=\"{&quot;_position&quot;:&quot;absolute&quot;,&quot;_animation_mobile&quot;:&quot;slideInRight&quot;,&quot;_animation&quot;:&quot;slideInRight&quot;}\" data-widget_type=\"html.default\">\n\t\t\t\t\t<a href=\"javascript:window.close();\">Back<<\/a>\r\n\t\t\t\t<\/div>\n\t\t\t\t\t<\/div>\n\t\t<\/div>\n\t\t\t\t\t<\/div>\n\t\t<\/section>\n\t\t\t\t<section class=\"elementor-section elementor-top-section elementor-element elementor-element-17110fb1 elementor-section-boxed elementor-section-height-default elementor-section-height-default\" data-id=\"17110fb1\" data-element_type=\"section\" data-e-type=\"section\" data-settings=\"{&quot;background_background&quot;:&quot;classic&quot;,&quot;animation&quot;:&quot;none&quot;,&quot;shape_divider_top&quot;:&quot;opacity-tilt&quot;,&quot;animation_mobile&quot;:&quot;zoomIn&quot;}\">\n\t\t\t\t\t\t\t<div class=\"elementor-background-overlay\"><\/div>\n\t\t\t\t\t\t<div class=\"elementor-shape elementor-shape-top\" aria-hidden=\"true\" data-negative=\"false\">\n\t\t\t<svg xmlns=\"http:\/\/www.w3.org\/2000\/svg\" viewBox=\"0 0 2600 131.1\" preserveAspectRatio=\"none\">\n\t<path class=\"elementor-shape-fill\" d=\"M0 0L2600 0 2600 69.1 0 0z\"\/>\n\t<path class=\"elementor-shape-fill\" style=\"opacity:0.5\" d=\"M0 0L2600 0 2600 69.1 0 69.1z\"\/>\n\t<path class=\"elementor-shape-fill\" style=\"opacity:0.25\" d=\"M2600 0L0 0 0 130.1 2600 69.1z\"\/>\n<\/svg>\t\t<\/div>\n\t\t\t\t\t<div class=\"elementor-container elementor-column-gap-custom\">\n\t\t\t\t\t<div class=\"elementor-column elementor-col-50 elementor-top-column elementor-element elementor-element-6b0225db\" data-id=\"6b0225db\" data-element_type=\"column\" data-e-type=\"column\">\n\t\t\t<div class=\"elementor-widget-wrap elementor-element-populated\">\n\t\t\t\t\t\t<div class=\"elementor-element elementor-element-5d7bdd24 elementor-invisible elementor-widget elementor-widget-image\" data-id=\"5d7bdd24\" data-element_type=\"widget\" data-e-type=\"widget\" data-settings=\"{&quot;_animation&quot;:&quot;fadeInRight&quot;}\" data-widget_type=\"image.default\">\n\t\t\t\t\t\t\t\t\t\t\t\t\t\t\t\t<a href=\"\" a=\"\">\n\t\t\t\t\t\t\t<img fetchpriority=\"high\" decoding=\"async\" width=\"1548\" height=\"1080\" src=\"https:\/\/www.fondationmagos.com\/en\/wp-content\/uploads\/2022\/05\/Surb_Karapet.jpg\" class=\"attachment-full size-full wp-image-14987\" alt=\"\" srcset=\"https:\/\/www.fondationmagos.com\/en\/wp-content\/uploads\/2022\/05\/Surb_Karapet.jpg 1548w, https:\/\/www.fondationmagos.com\/en\/wp-content\/uploads\/2022\/05\/Surb_Karapet-300x209.jpg 300w, https:\/\/www.fondationmagos.com\/en\/wp-content\/uploads\/2022\/05\/Surb_Karapet-1024x714.jpg 1024w, https:\/\/www.fondationmagos.com\/en\/wp-content\/uploads\/2022\/05\/Surb_Karapet-768x536.jpg 768w, https:\/\/www.fondationmagos.com\/en\/wp-content\/uploads\/2022\/05\/Surb_Karapet-1536x1072.jpg 1536w\" sizes=\"(max-width: 1548px) 100vw, 1548px\" \/>\t\t\t\t\t\t\t\t<\/a>\n\t\t\t\t\t\t\t\t\t\t\t\t\t\t\t<\/div>\n\t\t\t\t\t<\/div>\n\t\t<\/div>\n\t\t\t\t<div class=\"elementor-column elementor-col-50 elementor-top-column elementor-element elementor-element-27564e29 elementor-invisible\" data-id=\"27564e29\" data-element_type=\"column\" data-e-type=\"column\" data-settings=\"{&quot;animation&quot;:&quot;zoomIn&quot;}\">\n\t\t\t<div class=\"elementor-widget-wrap elementor-element-populated\">\n\t\t\t\t\t\t<div class=\"elementor-element elementor-element-7ac78dc elementor-widget elementor-widget-heading\" data-id=\"7ac78dc\" data-element_type=\"widget\" data-e-type=\"widget\" data-widget_type=\"heading.default\">\n\t\t\t\t\t<h2 class=\"elementor-heading-title elementor-size-default\">\nSERIES OF OLD AND CONTEMPORARY <br>PHOTOS OF THE MONASTERY <br>OF SURB KARAPET<br>THE SUPPOSED <br>TOMB OF A MAGUS\n<\/h2>\t\t\t\t<\/div>\n\t\t\t\t<div class=\"elementor-element elementor-element-66a34f3 elementor-widget elementor-widget-heading\" data-id=\"66a34f3\" data-element_type=\"widget\" data-e-type=\"widget\" data-widget_type=\"heading.default\">\n\t\t\t\t\t<h2 class=\"elementor-heading-title elementor-size-default\">(Armenia, 20th c.) <br>Magos Foundation Collection\n\n<\/h2>\t\t\t\t<\/div>\n\t\t\t\t<div class=\"elementor-element elementor-element-4a44704 elementor-widget elementor-widget-heading\" data-id=\"4a44704\" data-element_type=\"widget\" data-e-type=\"widget\" data-widget_type=\"heading.default\">\n\t\t\t\t\t<h2 class=\"elementor-heading-title elementor-size-default\">THE TOMB OF ONE OF <br>THE MAGI NEAR <br>THE GREAT LAKE OF VAN  <\/h2>\t\t\t\t<\/div>\n\t\t\t\t<div class=\"elementor-element elementor-element-f8497b5 elementor-widget elementor-widget-text-editor\" data-id=\"f8497b5\" data-element_type=\"widget\" data-e-type=\"widget\" data-widget_type=\"text-editor.default\">\n\t\t\t\t\t\t\t\t\tThe return of the Magi takes us to the former Armenian Empire, now Turkey. Not far from Lake Van, a large monastery was built on the supposed site of a tomb of one of the Magi authenticated as such by St. Gregory the Illuminator (3rd century), founding father of the Armenian Church. The Turks partly destroyed the place during the Armenian genocide. The few ruins that allow one to imagine the former splendor of this place are now used as a manure dump. Not far from there, a region was initially named &#8220;Moks,&#8221; derived from the Armenian word Mog which means wise man.\t\t\t\t\t\t\t\t<\/div>\n\t\t\t\t\t<\/div>\n\t\t<\/div>\n\t\t\t\t\t<\/div>\n\t\t<\/section>\n\t\t\t\t<\/div>\n\t\t","protected":false},"excerpt":{"rendered":"<p>Back<\/p>\n","protected":false},"author":1,"featured_media":0,"parent":0,"menu_order":0,"comment_status":"closed","ping_status":"closed","template":"elementor_header_footer","meta":{"footnotes":""},"class_list":["post-12859","page","type-page","status-publish"],"_links":{"self":[{"href":"https:\/\/www.fondationmagos.com\/en\/wp-json\/wp\/v2\/pages\/12859","targetHints":{"allow":["GET"]}}],"collection":[{"href":"https:\/\/www.fondationmagos.com\/en\/wp-json\/wp\/v2\/pages"}],"about":[{"href":"https:\/\/www.fondationmagos.com\/en\/wp-json\/wp\/v2\/types\/page"}],"author":[{"embeddable":true,"href":"https:\/\/www.fondationmagos.com\/en\/wp-json\/wp\/v2\/users\/1"}],"replies":[{"embeddable":true,"href":"https:\/\/www.fondationmagos.com\/en\/wp-json\/wp\/v2\/comments?post=12859"}],"version-history":[{"count":16,"href":"https:\/\/www.fondationmagos.com\/en\/wp-json\/wp\/v2\/pages\/12859\/revisions"}],"predecessor-version":[{"id":17331,"href":"https:\/\/www.fondationmagos.com\/en\/wp-json\/wp\/v2\/pages\/12859\/revisions\/17331"}],"wp:attachment":[{"href":"https:\/\/www.fondationmagos.com\/en\/wp-json\/wp\/v2\/media?parent=12859"}],"curies":[{"name":"wp","href":"https:\/\/api.w.org\/{rel}","templated":true}]}}