{"id":11582,"date":"2022-05-11T11:43:57","date_gmt":"2022-05-11T11:43:57","guid":{"rendered":"https:\/\/www.fondationmagos.com\/en\/?page_id=11582"},"modified":"2022-07-21T17:49:55","modified_gmt":"2022-07-21T17:49:55","slug":"apocryphe-les-actes-de-thomas-original-date-du-iiieme-siecle-relatant-les-voyages-missionnaires-de-lapotre-thomas-en-inde","status":"publish","type":"page","link":"https:\/\/www.fondationmagos.com\/en\/apocryphe-les-actes-de-thomas-original-date-du-iiieme-siecle-relatant-les-voyages-missionnaires-de-lapotre-thomas-en-inde\/","title":{"rendered":"Apocryphe \u00ab les actes de Thomas \u00bb, original dat\u00e9 du III\u00e8me si\u00e8cle relatant les voyages missionnaires de l&#8217;ap\u00f4tre Thomas en Inde"},"content":{"rendered":"\t\t<div data-elementor-type=\"wp-page\" data-elementor-id=\"11582\" class=\"elementor elementor-11582\">\n\t\t\t\t\t\t<section class=\"elementor-section elementor-top-section elementor-element elementor-element-796b74e0 elementor-section-boxed elementor-section-height-default elementor-section-height-default\" data-id=\"796b74e0\" data-element_type=\"section\" data-e-type=\"section\">\n\t\t\t\t\t\t<div class=\"elementor-container elementor-column-gap-default\">\n\t\t\t\t\t<div class=\"elementor-column elementor-col-100 elementor-top-column elementor-element elementor-element-1d6ea5cd\" data-id=\"1d6ea5cd\" data-element_type=\"column\" data-e-type=\"column\">\n\t\t\t<div class=\"elementor-widget-wrap elementor-element-populated\">\n\t\t\t\t\t\t<div class=\"elementor-element elementor-element-22fc5f63 elementor-widget__width-initial elementor-absolute elementor-invisible elementor-widget elementor-widget-html\" data-id=\"22fc5f63\" data-element_type=\"widget\" data-e-type=\"widget\" data-settings=\"{&quot;_position&quot;:&quot;absolute&quot;,&quot;_animation_mobile&quot;:&quot;slideInRight&quot;,&quot;_animation&quot;:&quot;slideInRight&quot;}\" data-widget_type=\"html.default\">\n\t\t\t\t\t<a href=\"javascript:window.close();\">Back<<\/a>\r\n\t\t\t\t<\/div>\n\t\t\t\t\t<\/div>\n\t\t<\/div>\n\t\t\t\t\t<\/div>\n\t\t<\/section>\n\t\t\t\t<section class=\"elementor-section elementor-top-section elementor-element elementor-element-649ef502 elementor-section-boxed elementor-section-height-default elementor-section-height-default\" data-id=\"649ef502\" data-element_type=\"section\" data-e-type=\"section\" data-settings=\"{&quot;background_background&quot;:&quot;classic&quot;,&quot;animation&quot;:&quot;none&quot;,&quot;shape_divider_top&quot;:&quot;opacity-tilt&quot;,&quot;animation_mobile&quot;:&quot;zoomIn&quot;}\">\n\t\t\t\t\t\t\t<div class=\"elementor-background-overlay\"><\/div>\n\t\t\t\t\t\t<div class=\"elementor-shape elementor-shape-top\" aria-hidden=\"true\" data-negative=\"false\">\n\t\t\t<svg xmlns=\"http:\/\/www.w3.org\/2000\/svg\" viewBox=\"0 0 2600 131.1\" preserveAspectRatio=\"none\">\n\t<path class=\"elementor-shape-fill\" d=\"M0 0L2600 0 2600 69.1 0 0z\"\/>\n\t<path class=\"elementor-shape-fill\" style=\"opacity:0.5\" d=\"M0 0L2600 0 2600 69.1 0 69.1z\"\/>\n\t<path class=\"elementor-shape-fill\" style=\"opacity:0.25\" d=\"M2600 0L0 0 0 130.1 2600 69.1z\"\/>\n<\/svg>\t\t<\/div>\n\t\t\t\t\t<div class=\"elementor-container elementor-column-gap-custom\">\n\t\t\t\t\t<div class=\"elementor-column elementor-col-50 elementor-top-column elementor-element elementor-element-291b96dc\" data-id=\"291b96dc\" data-element_type=\"column\" data-e-type=\"column\">\n\t\t\t<div class=\"elementor-widget-wrap elementor-element-populated\">\n\t\t\t\t\t\t<div class=\"elementor-element elementor-element-19373a79 elementor-invisible elementor-widget elementor-widget-image\" data-id=\"19373a79\" data-element_type=\"widget\" data-e-type=\"widget\" data-settings=\"{&quot;_animation&quot;:&quot;fadeInRight&quot;}\" data-widget_type=\"image.default\">\n\t\t\t\t\t\t\t\t\t\t\t\t\t\t\t<img fetchpriority=\"high\" decoding=\"async\" width=\"1100\" height=\"732\" src=\"https:\/\/www.fondationmagos.com\/en\/wp-content\/uploads\/2022\/05\/ty-gigapixel-art-scale-4_00x-1.jpg\" class=\"attachment-1536x1536 size-1536x1536 wp-image-11584\" alt=\"\" srcset=\"https:\/\/www.fondationmagos.com\/en\/wp-content\/uploads\/2022\/05\/ty-gigapixel-art-scale-4_00x-1.jpg 1100w, https:\/\/www.fondationmagos.com\/en\/wp-content\/uploads\/2022\/05\/ty-gigapixel-art-scale-4_00x-1-300x200.jpg 300w, https:\/\/www.fondationmagos.com\/en\/wp-content\/uploads\/2022\/05\/ty-gigapixel-art-scale-4_00x-1-1024x681.jpg 1024w, https:\/\/www.fondationmagos.com\/en\/wp-content\/uploads\/2022\/05\/ty-gigapixel-art-scale-4_00x-1-768x511.jpg 768w, https:\/\/www.fondationmagos.com\/en\/wp-content\/uploads\/2022\/05\/ty-gigapixel-art-scale-4_00x-1-900x600.jpg 900w\" sizes=\"(max-width: 1100px) 100vw, 1100px\" \/>\t\t\t\t\t\t\t\t\t\t\t\t\t\t\t<\/div>\n\t\t\t\t\t<\/div>\n\t\t<\/div>\n\t\t\t\t<div class=\"elementor-column elementor-col-50 elementor-top-column elementor-element elementor-element-60ea9e4c elementor-invisible\" data-id=\"60ea9e4c\" data-element_type=\"column\" data-e-type=\"column\" data-settings=\"{&quot;animation&quot;:&quot;zoomIn&quot;}\">\n\t\t\t<div class=\"elementor-widget-wrap elementor-element-populated\">\n\t\t\t\t\t\t<div class=\"elementor-element elementor-element-1563fb33 elementor-widget elementor-widget-heading\" data-id=\"1563fb33\" data-element_type=\"widget\" data-e-type=\"widget\" data-widget_type=\"heading.default\">\n\t\t\t\t\t<h2 class=\"elementor-heading-title elementor-size-default\">Apocrypha \"The Acts of Thomas\" the original dates from the third century and relates the missionary journeys of Thomas the Apostle to India, where he gained the confidence of King Gondophares in northern India.R\u00e9-\u00e9dition <\/h2>\t\t\t\t<\/div>\n\t\t\t\t<div class=\"elementor-element elementor-element-2f1d2844 elementor-widget elementor-widget-heading\" data-id=\"2f1d2844\" data-element_type=\"widget\" data-e-type=\"widget\" data-widget_type=\"heading.default\">\n\t\t\t\t\t<h2 class=\"elementor-heading-title elementor-size-default\">\n(England, 20th c.) <br>Magos Foundation Collection <\/h2>\t\t\t\t<\/div>\n\t\t\t\t<div class=\"elementor-element elementor-element-73e3ee3 elementor-widget elementor-widget-heading\" data-id=\"73e3ee3\" data-element_type=\"widget\" data-e-type=\"widget\" data-widget_type=\"heading.default\">\n\t\t\t\t\t<h2 class=\"elementor-heading-title elementor-size-default\">KING GONDOPHARES<br>\nTRANSLATED AS GATHASPAR<br> IN ARMENIAN, BECAME GASPARD IN EUROPE.<\/h2>\t\t\t\t<\/div>\n\t\t\t\t<div class=\"elementor-element elementor-element-d2fa7b9 elementor-widget elementor-widget-heading\" data-id=\"d2fa7b9\" data-element_type=\"widget\" data-e-type=\"widget\" data-widget_type=\"heading.default\">\n\t\t\t\t\t<h2 class=\"elementor-heading-title elementor-size-default\">Some writers have wrongly assumed that King Gondophares, mentioned in the Acts of Thomas, was one of the Magi. This confusion is due to the numerous manuscripts from the first centuries of Christianity that attest that Saint Thomas joined the Magi in their country, India, where the evangelization of Saint Thomas was the most significant.<\/h2>\t\t\t\t<\/div>\n\t\t\t\t\t<\/div>\n\t\t<\/div>\n\t\t\t\t\t<\/div>\n\t\t<\/section>\n\t\t\t\t<\/div>\n\t\t","protected":false},"excerpt":{"rendered":"<p>Back<\/p>\n","protected":false},"author":1,"featured_media":0,"parent":0,"menu_order":0,"comment_status":"closed","ping_status":"closed","template":"elementor_header_footer","meta":{"footnotes":""},"class_list":["post-11582","page","type-page","status-publish"],"_links":{"self":[{"href":"https:\/\/www.fondationmagos.com\/en\/wp-json\/wp\/v2\/pages\/11582","targetHints":{"allow":["GET"]}}],"collection":[{"href":"https:\/\/www.fondationmagos.com\/en\/wp-json\/wp\/v2\/pages"}],"about":[{"href":"https:\/\/www.fondationmagos.com\/en\/wp-json\/wp\/v2\/types\/page"}],"author":[{"embeddable":true,"href":"https:\/\/www.fondationmagos.com\/en\/wp-json\/wp\/v2\/users\/1"}],"replies":[{"embeddable":true,"href":"https:\/\/www.fondationmagos.com\/en\/wp-json\/wp\/v2\/comments?post=11582"}],"version-history":[{"count":16,"href":"https:\/\/www.fondationmagos.com\/en\/wp-json\/wp\/v2\/pages\/11582\/revisions"}],"predecessor-version":[{"id":18837,"href":"https:\/\/www.fondationmagos.com\/en\/wp-json\/wp\/v2\/pages\/11582\/revisions\/18837"}],"wp:attachment":[{"href":"https:\/\/www.fondationmagos.com\/en\/wp-json\/wp\/v2\/media?parent=11582"}],"curies":[{"name":"wp","href":"https:\/\/api.w.org\/{rel}","templated":true}]}}