{"id":10598,"date":"2022-05-02T09:35:25","date_gmt":"2022-05-02T09:35:25","guid":{"rendered":"https:\/\/www.fondationmagos.com\/en\/?page_id=10598"},"modified":"2022-07-16T07:47:57","modified_gmt":"2022-07-16T07:47:57","slug":"creation-par-un-grand-couturier-de-la-robe-de-limperatrice-theodora-de-byzance-brodee-a-leffigie-des-mages","status":"publish","type":"page","link":"https:\/\/www.fondationmagos.com\/en\/creation-par-un-grand-couturier-de-la-robe-de-limperatrice-theodora-de-byzance-brodee-a-leffigie-des-mages\/","title":{"rendered":"CR\u00c9ATION PAR UN GRAND COUTURIER DE LA ROBE DE L\u2019IMP\u00c9RATRICE TH\u00c9ODORA DE BYZANCE, BROD\u00c9E A L\u2019EFFIGIE DES MAGES"},"content":{"rendered":"\t\t<div data-elementor-type=\"wp-page\" data-elementor-id=\"10598\" class=\"elementor elementor-10598\">\n\t\t\t\t\t\t<section class=\"elementor-section elementor-top-section elementor-element elementor-element-787ed0bb elementor-section-boxed elementor-section-height-default elementor-section-height-default\" data-id=\"787ed0bb\" data-element_type=\"section\" data-e-type=\"section\">\n\t\t\t\t\t\t<div class=\"elementor-container elementor-column-gap-default\">\n\t\t\t\t\t<div class=\"elementor-column elementor-col-100 elementor-top-column elementor-element elementor-element-5f1877fc\" data-id=\"5f1877fc\" data-element_type=\"column\" data-e-type=\"column\">\n\t\t\t<div class=\"elementor-widget-wrap elementor-element-populated\">\n\t\t\t\t\t\t<div class=\"elementor-element elementor-element-3320e20a elementor-widget__width-initial elementor-absolute elementor-invisible elementor-widget elementor-widget-html\" data-id=\"3320e20a\" data-element_type=\"widget\" data-e-type=\"widget\" data-settings=\"{&quot;_position&quot;:&quot;absolute&quot;,&quot;_animation_mobile&quot;:&quot;slideInRight&quot;,&quot;_animation&quot;:&quot;slideInRight&quot;}\" data-widget_type=\"html.default\">\n\t\t\t\t\t<a href=\"javascript:window.close();\">Back<<\/a>\t\t\t\t<\/div>\n\t\t\t\t\t<\/div>\n\t\t<\/div>\n\t\t\t\t\t<\/div>\n\t\t<\/section>\n\t\t\t\t<section class=\"elementor-section elementor-top-section elementor-element elementor-element-bf8ed40 elementor-section-boxed elementor-section-height-default elementor-section-height-default\" data-id=\"bf8ed40\" data-element_type=\"section\" data-e-type=\"section\" data-settings=\"{&quot;background_background&quot;:&quot;classic&quot;,&quot;animation&quot;:&quot;none&quot;,&quot;shape_divider_top&quot;:&quot;opacity-tilt&quot;,&quot;animation_mobile&quot;:&quot;zoomIn&quot;}\">\n\t\t\t\t\t\t\t<div class=\"elementor-background-overlay\"><\/div>\n\t\t\t\t\t\t<div class=\"elementor-shape elementor-shape-top\" aria-hidden=\"true\" data-negative=\"false\">\n\t\t\t<svg xmlns=\"http:\/\/www.w3.org\/2000\/svg\" viewBox=\"0 0 2600 131.1\" preserveAspectRatio=\"none\">\n\t<path class=\"elementor-shape-fill\" d=\"M0 0L2600 0 2600 69.1 0 0z\"\/>\n\t<path class=\"elementor-shape-fill\" style=\"opacity:0.5\" d=\"M0 0L2600 0 2600 69.1 0 69.1z\"\/>\n\t<path class=\"elementor-shape-fill\" style=\"opacity:0.25\" d=\"M2600 0L0 0 0 130.1 2600 69.1z\"\/>\n<\/svg>\t\t<\/div>\n\t\t\t\t\t<div class=\"elementor-container elementor-column-gap-custom\">\n\t\t\t\t\t<div class=\"elementor-column elementor-col-50 elementor-top-column elementor-element elementor-element-7106760f\" data-id=\"7106760f\" data-element_type=\"column\" data-e-type=\"column\">\n\t\t\t<div class=\"elementor-widget-wrap elementor-element-populated\">\n\t\t\t\t\t\t<div class=\"elementor-element elementor-element-3759b53d elementor-invisible elementor-widget elementor-widget-image\" data-id=\"3759b53d\" data-element_type=\"widget\" data-e-type=\"widget\" data-settings=\"{&quot;_animation&quot;:&quot;fadeInRight&quot;}\" data-widget_type=\"image.default\">\n\t\t\t\t\t\t\t\t\t\t\t\t\t\t\t\t<a href=\"\" a=\"\">\n\t\t\t\t\t\t\t<img fetchpriority=\"high\" decoding=\"async\" width=\"840\" height=\"1406\" src=\"https:\/\/www.fondationmagos.com\/en\/wp-content\/uploads\/2022\/05\/33028206_10a523801834c54bddb833650e37a0ed_wm.jpg\" class=\"attachment-full size-full wp-image-10601\" alt=\"\" srcset=\"https:\/\/www.fondationmagos.com\/en\/wp-content\/uploads\/2022\/05\/33028206_10a523801834c54bddb833650e37a0ed_wm.jpg 840w, https:\/\/www.fondationmagos.com\/en\/wp-content\/uploads\/2022\/05\/33028206_10a523801834c54bddb833650e37a0ed_wm-179x300.jpg 179w, https:\/\/www.fondationmagos.com\/en\/wp-content\/uploads\/2022\/05\/33028206_10a523801834c54bddb833650e37a0ed_wm-612x1024.jpg 612w, https:\/\/www.fondationmagos.com\/en\/wp-content\/uploads\/2022\/05\/33028206_10a523801834c54bddb833650e37a0ed_wm-768x1285.jpg 768w\" sizes=\"(max-width: 840px) 100vw, 840px\" \/>\t\t\t\t\t\t\t\t<\/a>\n\t\t\t\t\t\t\t\t\t\t\t\t\t\t\t<\/div>\n\t\t\t\t\t<\/div>\n\t\t<\/div>\n\t\t\t\t<div class=\"elementor-column elementor-col-50 elementor-top-column elementor-element elementor-element-4f6adb34 elementor-invisible\" data-id=\"4f6adb34\" data-element_type=\"column\" data-e-type=\"column\" data-settings=\"{&quot;animation&quot;:&quot;zoomIn&quot;}\">\n\t\t\t<div class=\"elementor-widget-wrap elementor-element-populated\">\n\t\t\t\t\t\t<div class=\"elementor-element elementor-element-7473a3d0 elementor-widget elementor-widget-heading\" data-id=\"7473a3d0\" data-element_type=\"widget\" data-e-type=\"widget\" data-widget_type=\"heading.default\">\n\t\t\t\t\t<h2 class=\"elementor-heading-title elementor-size-default\">CREATION BY A DESIGNER OF THE DRESS <br>OF EMPRESS THEODORA<br> OF BYZANTIUM, EMBROIDERED<br> WITH THE EFFIGY OF THE MAGI<\/h2>\t\t\t\t<\/div>\n\t\t\t\t<div class=\"elementor-element elementor-element-6460f81a elementor-widget elementor-widget-heading\" data-id=\"6460f81a\" data-element_type=\"widget\" data-e-type=\"widget\" data-widget_type=\"heading.default\">\n\t\t\t\t\t<h2 class=\"elementor-heading-title elementor-size-default\">(as it was represented in the mosaics <br>of St. Vital of Ravenna in the 6th century)<\/h2>\t\t\t\t<\/div>\n\t\t\t\t<div class=\"elementor-element elementor-element-257a9e4c elementor-widget elementor-widget-text-editor\" data-id=\"257a9e4c\" data-element_type=\"widget\" data-e-type=\"widget\" data-widget_type=\"text-editor.default\">\n\t\t\t\t\t\t\t\t\tFirst sovereign to be represented in the posture of the adoration of the Magi, Theodora inaugurated the Basilica of Hagia Sophia on the arm of her husband, Emperor Justinian. The Empress would have served as inspiration for some mosaics.\t\t\t\t\t\t\t\t<\/div>\n\t\t\t\t\t<\/div>\n\t\t<\/div>\n\t\t\t\t\t<\/div>\n\t\t<\/section>\n\t\t\t\t<\/div>\n\t\t","protected":false},"excerpt":{"rendered":"<p>Back<\/p>\n","protected":false},"author":1,"featured_media":0,"parent":0,"menu_order":0,"comment_status":"closed","ping_status":"closed","template":"elementor_header_footer","meta":{"footnotes":""},"class_list":["post-10598","page","type-page","status-publish"],"_links":{"self":[{"href":"https:\/\/www.fondationmagos.com\/en\/wp-json\/wp\/v2\/pages\/10598","targetHints":{"allow":["GET"]}}],"collection":[{"href":"https:\/\/www.fondationmagos.com\/en\/wp-json\/wp\/v2\/pages"}],"about":[{"href":"https:\/\/www.fondationmagos.com\/en\/wp-json\/wp\/v2\/types\/page"}],"author":[{"embeddable":true,"href":"https:\/\/www.fondationmagos.com\/en\/wp-json\/wp\/v2\/users\/1"}],"replies":[{"embeddable":true,"href":"https:\/\/www.fondationmagos.com\/en\/wp-json\/wp\/v2\/comments?post=10598"}],"version-history":[{"count":13,"href":"https:\/\/www.fondationmagos.com\/en\/wp-json\/wp\/v2\/pages\/10598\/revisions"}],"predecessor-version":[{"id":17718,"href":"https:\/\/www.fondationmagos.com\/en\/wp-json\/wp\/v2\/pages\/10598\/revisions\/17718"}],"wp:attachment":[{"href":"https:\/\/www.fondationmagos.com\/en\/wp-json\/wp\/v2\/media?parent=10598"}],"curies":[{"name":"wp","href":"https:\/\/api.w.org\/{rel}","templated":true}]}}