{"id":10099,"date":"2022-04-29T11:14:34","date_gmt":"2022-04-29T11:14:34","guid":{"rendered":"https:\/\/www.fondationmagos.com\/en\/?page_id=10099"},"modified":"2022-07-16T13:56:15","modified_gmt":"2022-07-16T13:56:15","slug":"tirage-photo-gospel-book-of-krestos-tasfana-dont-loriginal-est-date-du-xiiieme-siecle","status":"publish","type":"page","link":"https:\/\/www.fondationmagos.com\/en\/tirage-photo-gospel-book-of-krestos-tasfana-dont-loriginal-est-date-du-xiiieme-siecle\/","title":{"rendered":"TIRAGE PHOTO \u201cGOSPEL BOOK OF KRESTOS TASFANA\u201d DONT L\u2019ORIGINAL EST DAT\u00c9 DU XIII\u00c8ME SI\u00c8CLE"},"content":{"rendered":"\t\t<div data-elementor-type=\"wp-page\" data-elementor-id=\"10099\" class=\"elementor elementor-10099\">\n\t\t\t\t\t\t<section class=\"elementor-section elementor-top-section elementor-element elementor-element-70305913 elementor-section-boxed elementor-section-height-default elementor-section-height-default\" data-id=\"70305913\" data-element_type=\"section\" data-e-type=\"section\">\n\t\t\t\t\t\t<div class=\"elementor-container elementor-column-gap-default\">\n\t\t\t\t\t<div class=\"elementor-column elementor-col-100 elementor-top-column elementor-element elementor-element-609756a5\" data-id=\"609756a5\" data-element_type=\"column\" data-e-type=\"column\">\n\t\t\t<div class=\"elementor-widget-wrap elementor-element-populated\">\n\t\t\t\t\t\t<div class=\"elementor-element elementor-element-41f9403e elementor-widget__width-initial elementor-absolute elementor-invisible elementor-widget elementor-widget-html\" data-id=\"41f9403e\" data-element_type=\"widget\" data-e-type=\"widget\" data-settings=\"{&quot;_position&quot;:&quot;absolute&quot;,&quot;_animation_mobile&quot;:&quot;slideInRight&quot;,&quot;_animation&quot;:&quot;slideInRight&quot;}\" data-widget_type=\"html.default\">\n\t\t\t\t\t<a href=\"javascript:window.close();\">Retour<<\/a>\t\t\t\t<\/div>\n\t\t\t\t\t<\/div>\n\t\t<\/div>\n\t\t\t\t\t<\/div>\n\t\t<\/section>\n\t\t\t\t<section class=\"elementor-section elementor-top-section elementor-element elementor-element-2e2667a9 elementor-section-boxed elementor-section-height-default elementor-section-height-default\" data-id=\"2e2667a9\" data-element_type=\"section\" data-e-type=\"section\" data-settings=\"{&quot;background_background&quot;:&quot;classic&quot;,&quot;animation&quot;:&quot;none&quot;,&quot;shape_divider_top&quot;:&quot;opacity-tilt&quot;,&quot;animation_mobile&quot;:&quot;zoomIn&quot;}\">\n\t\t\t\t\t\t\t<div class=\"elementor-background-overlay\"><\/div>\n\t\t\t\t\t\t<div class=\"elementor-shape elementor-shape-top\" aria-hidden=\"true\" data-negative=\"false\">\n\t\t\t<svg xmlns=\"http:\/\/www.w3.org\/2000\/svg\" viewBox=\"0 0 2600 131.1\" preserveAspectRatio=\"none\">\n\t<path class=\"elementor-shape-fill\" d=\"M0 0L2600 0 2600 69.1 0 0z\"\/>\n\t<path class=\"elementor-shape-fill\" style=\"opacity:0.5\" d=\"M0 0L2600 0 2600 69.1 0 69.1z\"\/>\n\t<path class=\"elementor-shape-fill\" style=\"opacity:0.25\" d=\"M2600 0L0 0 0 130.1 2600 69.1z\"\/>\n<\/svg>\t\t<\/div>\n\t\t\t\t\t<div class=\"elementor-container elementor-column-gap-custom\">\n\t\t\t\t\t<div class=\"elementor-column elementor-col-50 elementor-top-column elementor-element elementor-element-379c0e64\" data-id=\"379c0e64\" data-element_type=\"column\" data-e-type=\"column\">\n\t\t\t<div class=\"elementor-widget-wrap elementor-element-populated\">\n\t\t\t\t\t\t<div class=\"elementor-element elementor-element-7a9534a6 elementor-invisible elementor-widget elementor-widget-image\" data-id=\"7a9534a6\" data-element_type=\"widget\" data-e-type=\"widget\" data-settings=\"{&quot;_animation&quot;:&quot;fadeInRight&quot;}\" data-widget_type=\"image.default\">\n\t\t\t\t\t\t\t\t\t\t\t\t\t\t\t\t<a href=\"\" a=\"\">\n\t\t\t\t\t\t\t<img fetchpriority=\"high\" decoding=\"async\" width=\"1300\" height=\"864\" src=\"https:\/\/www.fondationmagos.com\/en\/wp-content\/uploads\/2022\/04\/ethiopia-axum-the-church-of-saint-mary-at-axum-old-bible-depicting-the-three-wise-men-2F1PWT5-transformed.jpeg\" class=\"attachment-full size-full wp-image-15477\" alt=\"\" srcset=\"https:\/\/www.fondationmagos.com\/en\/wp-content\/uploads\/2022\/04\/ethiopia-axum-the-church-of-saint-mary-at-axum-old-bible-depicting-the-three-wise-men-2F1PWT5-transformed.jpeg 1300w, https:\/\/www.fondationmagos.com\/en\/wp-content\/uploads\/2022\/04\/ethiopia-axum-the-church-of-saint-mary-at-axum-old-bible-depicting-the-three-wise-men-2F1PWT5-transformed-300x199.jpeg 300w, https:\/\/www.fondationmagos.com\/en\/wp-content\/uploads\/2022\/04\/ethiopia-axum-the-church-of-saint-mary-at-axum-old-bible-depicting-the-three-wise-men-2F1PWT5-transformed-1024x681.jpeg 1024w, https:\/\/www.fondationmagos.com\/en\/wp-content\/uploads\/2022\/04\/ethiopia-axum-the-church-of-saint-mary-at-axum-old-bible-depicting-the-three-wise-men-2F1PWT5-transformed-768x510.jpeg 768w\" sizes=\"(max-width: 1300px) 100vw, 1300px\" \/>\t\t\t\t\t\t\t\t<\/a>\n\t\t\t\t\t\t\t\t\t\t\t\t\t\t\t<\/div>\n\t\t\t\t\t<\/div>\n\t\t<\/div>\n\t\t\t\t<div class=\"elementor-column elementor-col-50 elementor-top-column elementor-element elementor-element-2e9906fc elementor-invisible\" data-id=\"2e9906fc\" data-element_type=\"column\" data-e-type=\"column\" data-settings=\"{&quot;animation&quot;:&quot;zoomIn&quot;}\">\n\t\t\t<div class=\"elementor-widget-wrap elementor-element-populated\">\n\t\t\t\t\t\t<div class=\"elementor-element elementor-element-4fa7c719 elementor-widget elementor-widget-spacer\" data-id=\"4fa7c719\" data-element_type=\"widget\" data-e-type=\"widget\" data-widget_type=\"spacer.default\">\n\t\t\t\t\t\t\t<div class=\"elementor-spacer\">\n\t\t\t<div class=\"elementor-spacer-inner\"><\/div>\n\t\t<\/div>\n\t\t\t\t\t\t<\/div>\n\t\t\t\t<div class=\"elementor-element elementor-element-59b9e995 elementor-widget elementor-widget-heading\" data-id=\"59b9e995\" data-element_type=\"widget\" data-e-type=\"widget\" data-widget_type=\"heading.default\">\n\t\t\t\t\t<h2 class=\"elementor-heading-title elementor-size-default\">PHOTO PRINT \"GOSPEL BOOK OF KRESTOS TASFANA,\" THE ORIGINAL OF WHICH DATES BACK TO THE 12th CENTURY,<\/h2>\t\t\t\t<\/div>\n\t\t\t\t<div class=\"elementor-element elementor-element-29c2c229 elementor-widget elementor-widget-text-editor\" data-id=\"29c2c229\" data-element_type=\"widget\" data-e-type=\"widget\" data-widget_type=\"text-editor.default\">\n\t\t\t\t\t\t\t\t\twritten in G\u0259\u02bf\u0259z, preserved in the Dabra Hayq Estifanos monastery, located on Lake Tana in Ethiopia. Bazen, the magus, is mentioned as bringing the myrrh. Illustration taken from the book &#8220;African Zion: The Sacred Art in Ethiopia&#8221; published by Yale University Press, in 1993 \t\t\t\t\t\t\t\t<\/div>\n\t\t\t\t<div class=\"elementor-element elementor-element-75e2ed0b elementor-widget elementor-widget-heading\" data-id=\"75e2ed0b\" data-element_type=\"widget\" data-e-type=\"widget\" data-widget_type=\"heading.default\">\n\t\t\t\t\t<h2 class=\"elementor-heading-title elementor-size-default\">(USA, 20th c.)<br>\nMagos Foundation Collection\n<\/h2>\t\t\t\t<\/div>\n\t\t\t\t<div class=\"elementor-element elementor-element-ad2f735 elementor-widget elementor-widget-text-editor\" data-id=\"ad2f735\" data-element_type=\"widget\" data-e-type=\"widget\" data-widget_type=\"text-editor.default\">\n\t\t\t\t\t\t\t\t\tAll along the Blue Nile, several monasteries keep precious manuscripts dated from the 13th and 14th centuries evoking this illustrious King of the Kings of Aksum who left for Jerusalem at the time of the Nativity. \t\t\t\t\t\t\t\t<\/div>\n\t\t\t\t\t<\/div>\n\t\t<\/div>\n\t\t\t\t\t<\/div>\n\t\t<\/section>\n\t\t\t\t<\/div>\n\t\t","protected":false},"excerpt":{"rendered":"<p>Retour<\/p>\n","protected":false},"author":1,"featured_media":0,"parent":0,"menu_order":0,"comment_status":"closed","ping_status":"closed","template":"elementor_header_footer","meta":{"footnotes":""},"class_list":["post-10099","page","type-page","status-publish"],"_links":{"self":[{"href":"https:\/\/www.fondationmagos.com\/en\/wp-json\/wp\/v2\/pages\/10099","targetHints":{"allow":["GET"]}}],"collection":[{"href":"https:\/\/www.fondationmagos.com\/en\/wp-json\/wp\/v2\/pages"}],"about":[{"href":"https:\/\/www.fondationmagos.com\/en\/wp-json\/wp\/v2\/types\/page"}],"author":[{"embeddable":true,"href":"https:\/\/www.fondationmagos.com\/en\/wp-json\/wp\/v2\/users\/1"}],"replies":[{"embeddable":true,"href":"https:\/\/www.fondationmagos.com\/en\/wp-json\/wp\/v2\/comments?post=10099"}],"version-history":[{"count":37,"href":"https:\/\/www.fondationmagos.com\/en\/wp-json\/wp\/v2\/pages\/10099\/revisions"}],"predecessor-version":[{"id":18013,"href":"https:\/\/www.fondationmagos.com\/en\/wp-json\/wp\/v2\/pages\/10099\/revisions\/18013"}],"wp:attachment":[{"href":"https:\/\/www.fondationmagos.com\/en\/wp-json\/wp\/v2\/media?parent=10099"}],"curies":[{"name":"wp","href":"https:\/\/api.w.org\/{rel}","templated":true}]}}