{"id":10081,"date":"2022-04-29T10:58:46","date_gmt":"2022-04-29T10:58:46","guid":{"rendered":"https:\/\/www.fondationmagos.com\/en\/?page_id=10081"},"modified":"2022-07-21T10:08:27","modified_gmt":"2022-07-21T10:08:27","slug":"re-edition-du-kebra-nagast-publie-initialement-au-xiveme-siecle-2","status":"publish","type":"page","link":"https:\/\/www.fondationmagos.com\/en\/re-edition-du-kebra-nagast-publie-initialement-au-xiveme-siecle-2\/","title":{"rendered":"R\u00c9-\u00c9DITION DU KEBRA NAGAST PUBLI\u00c9 INITIALEMENT AU XIV\u00c8ME SI\u00c8CLE"},"content":{"rendered":"\t\t<div data-elementor-type=\"wp-page\" data-elementor-id=\"10081\" class=\"elementor elementor-10081\">\n\t\t\t\t\t\t<section class=\"elementor-section elementor-top-section elementor-element elementor-element-1ec3120a elementor-section-boxed elementor-section-height-default elementor-section-height-default\" data-id=\"1ec3120a\" data-element_type=\"section\" data-e-type=\"section\">\n\t\t\t\t\t\t<div class=\"elementor-container elementor-column-gap-default\">\n\t\t\t\t\t<div class=\"elementor-column elementor-col-100 elementor-top-column elementor-element elementor-element-39282662\" data-id=\"39282662\" data-element_type=\"column\" data-e-type=\"column\">\n\t\t\t<div class=\"elementor-widget-wrap elementor-element-populated\">\n\t\t\t\t\t\t<div class=\"elementor-element elementor-element-34048296 elementor-widget__width-initial elementor-absolute elementor-invisible elementor-widget elementor-widget-html\" data-id=\"34048296\" data-element_type=\"widget\" data-e-type=\"widget\" data-settings=\"{&quot;_position&quot;:&quot;absolute&quot;,&quot;_animation_mobile&quot;:&quot;slideInRight&quot;,&quot;_animation&quot;:&quot;slideInRight&quot;}\" data-widget_type=\"html.default\">\n\t\t\t\t\t<a href=\"javascript:window.close();\">Back<<\/a>\t\t\t\t<\/div>\n\t\t\t\t\t<\/div>\n\t\t<\/div>\n\t\t\t\t\t<\/div>\n\t\t<\/section>\n\t\t\t\t<section class=\"elementor-section elementor-top-section elementor-element elementor-element-496c582c elementor-section-boxed elementor-section-height-default elementor-section-height-default\" data-id=\"496c582c\" data-element_type=\"section\" data-e-type=\"section\" data-settings=\"{&quot;background_background&quot;:&quot;classic&quot;,&quot;animation&quot;:&quot;none&quot;,&quot;shape_divider_top&quot;:&quot;opacity-tilt&quot;,&quot;animation_mobile&quot;:&quot;zoomIn&quot;}\">\n\t\t\t\t\t\t\t<div class=\"elementor-background-overlay\"><\/div>\n\t\t\t\t\t\t<div class=\"elementor-shape elementor-shape-top\" aria-hidden=\"true\" data-negative=\"false\">\n\t\t\t<svg xmlns=\"http:\/\/www.w3.org\/2000\/svg\" viewBox=\"0 0 2600 131.1\" preserveAspectRatio=\"none\">\n\t<path class=\"elementor-shape-fill\" d=\"M0 0L2600 0 2600 69.1 0 0z\"\/>\n\t<path class=\"elementor-shape-fill\" style=\"opacity:0.5\" d=\"M0 0L2600 0 2600 69.1 0 69.1z\"\/>\n\t<path class=\"elementor-shape-fill\" style=\"opacity:0.25\" d=\"M2600 0L0 0 0 130.1 2600 69.1z\"\/>\n<\/svg>\t\t<\/div>\n\t\t\t\t\t<div class=\"elementor-container elementor-column-gap-custom\">\n\t\t\t\t\t<div class=\"elementor-column elementor-col-50 elementor-top-column elementor-element elementor-element-270a7681\" data-id=\"270a7681\" data-element_type=\"column\" data-e-type=\"column\">\n\t\t\t<div class=\"elementor-widget-wrap elementor-element-populated\">\n\t\t\t\t\t\t<div class=\"elementor-element elementor-element-bb35f7c elementor-invisible elementor-widget elementor-widget-image\" data-id=\"bb35f7c\" data-element_type=\"widget\" data-e-type=\"widget\" data-settings=\"{&quot;_animation&quot;:&quot;fadeInRight&quot;}\" data-widget_type=\"image.default\">\n\t\t\t\t\t\t\t\t\t\t\t\t\t\t\t\t<a href=\"\" a=\"\">\n\t\t\t\t\t\t\t<img fetchpriority=\"high\" decoding=\"async\" width=\"754\" height=\"993\" src=\"https:\/\/www.fondationmagos.com\/en\/wp-content\/uploads\/2022\/04\/HD_200125487_01-2.jpg\" class=\"attachment-full size-full wp-image-10084\" alt=\"\" srcset=\"https:\/\/www.fondationmagos.com\/en\/wp-content\/uploads\/2022\/04\/HD_200125487_01-2.jpg 754w, https:\/\/www.fondationmagos.com\/en\/wp-content\/uploads\/2022\/04\/HD_200125487_01-2-228x300.jpg 228w\" sizes=\"(max-width: 754px) 100vw, 754px\" \/>\t\t\t\t\t\t\t\t<\/a>\n\t\t\t\t\t\t\t\t\t\t\t\t\t\t\t<\/div>\n\t\t\t\t\t<\/div>\n\t\t<\/div>\n\t\t\t\t<div class=\"elementor-column elementor-col-50 elementor-top-column elementor-element elementor-element-329b359e elementor-invisible\" data-id=\"329b359e\" data-element_type=\"column\" data-e-type=\"column\" data-settings=\"{&quot;animation&quot;:&quot;zoomIn&quot;}\">\n\t\t\t<div class=\"elementor-widget-wrap elementor-element-populated\">\n\t\t\t\t\t\t<div class=\"elementor-element elementor-element-e6525ae elementor-widget elementor-widget-spacer\" data-id=\"e6525ae\" data-element_type=\"widget\" data-e-type=\"widget\" data-widget_type=\"spacer.default\">\n\t\t\t\t\t\t\t<div class=\"elementor-spacer\">\n\t\t\t<div class=\"elementor-spacer-inner\"><\/div>\n\t\t<\/div>\n\t\t\t\t\t\t<\/div>\n\t\t\t\t<div class=\"elementor-element elementor-element-74191862 elementor-widget elementor-widget-heading\" data-id=\"74191862\" data-element_type=\"widget\" data-e-type=\"widget\" data-widget_type=\"heading.default\">\n\t\t\t\t\t<h2 class=\"elementor-heading-title elementor-size-default\">RE-EDITION OF THE KEBRA <br>NAGAST ORIGINALLY PUBLISHED<br> IN THE 15th CENTURY<\/h2>\t\t\t\t<\/div>\n\t\t\t\t<div class=\"elementor-element elementor-element-6a062e9c elementor-widget elementor-widget-heading\" data-id=\"6a062e9c\" data-element_type=\"widget\" data-e-type=\"widget\" data-widget_type=\"heading.default\">\n\t\t\t\t\t<h2 class=\"elementor-heading-title elementor-size-default\">(Ethiopia, 21st c.)<br> Magos Foundation Collection<\/h2>\t\t\t\t<\/div>\n\t\t\t\t<div class=\"elementor-element elementor-element-5f1cfc35 elementor-widget elementor-widget-text-editor\" data-id=\"5f1cfc35\" data-element_type=\"widget\" data-e-type=\"widget\" data-widget_type=\"text-editor.default\">\n\t\t\t\t\t\t\t\t\tsupposed to be the translation of a Coptic manuscript found in 325 in the Basilica of Saint Sophia in Constantinople. It is considered to be an equivalent of the Bible in Ancient documents related to the Solomonic dynasty, the Imperial House of Ethiopia, such as the Kebra Nagast (14th c.), confirm the existence of King Bazen in the first century as the 61st descendant of Menelik, son of the Queen of Sheba and King Solomon.\t\t\t\t\t\t\t\t<\/div>\n\t\t\t\t\t<\/div>\n\t\t<\/div>\n\t\t\t\t\t<\/div>\n\t\t<\/section>\n\t\t\t\t<\/div>\n\t\t","protected":false},"excerpt":{"rendered":"<p>Back<\/p>\n","protected":false},"author":1,"featured_media":0,"parent":0,"menu_order":0,"comment_status":"closed","ping_status":"closed","template":"elementor_header_footer","meta":{"footnotes":""},"class_list":["post-10081","page","type-page","status-publish"],"_links":{"self":[{"href":"https:\/\/www.fondationmagos.com\/en\/wp-json\/wp\/v2\/pages\/10081","targetHints":{"allow":["GET"]}}],"collection":[{"href":"https:\/\/www.fondationmagos.com\/en\/wp-json\/wp\/v2\/pages"}],"about":[{"href":"https:\/\/www.fondationmagos.com\/en\/wp-json\/wp\/v2\/types\/page"}],"author":[{"embeddable":true,"href":"https:\/\/www.fondationmagos.com\/en\/wp-json\/wp\/v2\/users\/1"}],"replies":[{"embeddable":true,"href":"https:\/\/www.fondationmagos.com\/en\/wp-json\/wp\/v2\/comments?post=10081"}],"version-history":[{"count":37,"href":"https:\/\/www.fondationmagos.com\/en\/wp-json\/wp\/v2\/pages\/10081\/revisions"}],"predecessor-version":[{"id":18782,"href":"https:\/\/www.fondationmagos.com\/en\/wp-json\/wp\/v2\/pages\/10081\/revisions\/18782"}],"wp:attachment":[{"href":"https:\/\/www.fondationmagos.com\/en\/wp-json\/wp\/v2\/media?parent=10081"}],"curies":[{"name":"wp","href":"https:\/\/api.w.org\/{rel}","templated":true}]}}